{"id":1696,"date":"2016-04-28T02:50:42","date_gmt":"2016-04-28T01:50:42","guid":{"rendered":"https:\/\/www.neway-dev.fr\/meca\/)?page_id=1696"},"modified":"2022-05-09T17:47:59","modified_gmt":"2022-05-09T16:47:59","slug":"kontakt","status":"publish","type":"page","link":"https:\/\/www.neway-dev.fr\/meca\/de\/kontakt\/","title":{"rendered":"kontakt"},"content":{"rendered":"<div class=\"fourcol first\" style=\"float:;\">\n<h2 class=\"page-title h2 contact-title\">MECA-INOX FRANCE<\/h2>\n<hr\/>\n<div class=\"tableau-contact\">\n<h5>MECA-INOX<\/br><span class=\"lowercase\">Hauptsitz und Vertriebsabteilung<\/span><\/h5>\n<p>F\u00fcr alle Preisangebote oder Informationen, bitte melden Sie sich bei unserer Vertriebsabteilung in Cergy :<\/p>\n<div class=\"tableau-ligne\">\n<i class=\"luxe-icon icon_pin_alt\" style=\"font-size:20px; color:#ff0000;\"><\/i>\n<span>1, rue de la Croix des Maheux<br \/>\n95031 CERGY-PONTOISE CEDEX (France)<\/span>\n<\/div>\n<div class=\"tableau-ligne\">\n<i class=\"luxe-icon icon_mobile\" style=\"font-size:16px; color:#ff0000;\"><\/i>\n<span>Tel.: +33 (0) 1 78 47 80 00<\/br>Fax: +33 (0) 1 78 47 80 01<\/span>\n<\/div>\n<div class=\"tableau-ligne\">\n<i class=\"luxe-icon icon_mail_alt\" style=\"font-size:20px; color:#ff0000;\"><\/i>\n<span>infos@meca-inox.com<\/span>\n<\/div>\n<div class=\"tableau-ligne\">\n<i class=\"luxe-icon icon_globe-2\" style=\"font-size:20px; color:#ff0000;\"><\/i>\n<span><a href=\"https:\/\/www.neway-dev.fr\/meca\">meca-inox.com<\/a><\/span>\n<\/div>\n<h5>MECA-INOX<\/br><span class=\"lowercase\">Kundenservice und Industriegel\u00e4nde<\/span><\/h5>\n<p>F\u00fcr alle Fragen Bez\u00fcglich Ihre Bestellungen, K\u00f6nnen Sie ab jetzt unserer Kundenservice kontaktieren :<\/p>\n<div class=\"tableau-ligne\">\n<i class=\"luxe-icon icon_pin_alt\" style=\"font-size:20px; color:#ff0000;\"><\/i>\n<span>Z.A.C. &#8220;Le mont de Magny&#8221;<br \/>\n12 rue de la Haute Borne<br \/>\n27140 GISORS &#8211; France<\/span>\n<\/div>\n<div class=\"tableau-ligne\">\n<i class=\"luxe-icon icon_mobile\" style=\"font-size:16px; color:#ff0000;\"><\/i>\n<span>Tel.: +33 (0)1 78 47 80 10<\/span>\n<\/div>\n<div class=\"tableau-ligne\">\n<i class=\"luxe-icon icon_mail_alt\" style=\"font-size:20px; color:#ff0000;\"><\/i>\n<span>customerservice@meca-inox.fr<\/span>\n<\/div>\n<div class=\"tableau-ligne\">\n<i class=\"luxe-icon icon_globe-2\" style=\"font-size:20px; color:#ff0000;\"><\/i>\n<span><a href=\"https:\/\/www.neway-dev.fr\/meca\/fr\/home\/\">meca-inox.com<\/a><\/span>\n<\/div>\n<\/div>\n<\/div>\n<div class=\"fourcol \" style=\"float:;\">\n<h2 class=\"page-title h2 contact-title\">MECA-INOX Deutschland<\/h2>\n<hr\/>\n<h5>MECA-INOX SAS<\/br>Verbindungsb\u00fcro Deutschland<\/h5>\n<div class=\"tableau-contact\">\n<div class=\"tableau-ligne\">\n<i class=\"luxe-icon icon_pin_alt\" style=\"font-size:20px; color:#ff0000;\"><\/i>\n<span>Lebacher Str.4<br \/>\nD-66113 Saarbr\u00fccken<\/span>\n<\/div>\n<div class=\"tableau-ligne\">\n<i class=\"luxe-icon icon_mobile\" style=\"font-size:16px; color:#ff0000;\"><\/i>\n<span>Tel: + 49 173 5186 679<\/br>Fax: + 49 681 9963 111<\/span>\n<\/div>\n<div class=\"tableau-ligne\">\n<i class=\"luxe-icon icon_mail_alt\" style=\"font-size:20px; color:#ff0000;\"><\/i>\n<span>infos@meca-inox.de<\/span>\n<\/div>\n<div class=\"tableau-ligne\">\n<i class=\"luxe-icon icon_globe-2\" style=\"font-size:20px; color:#ff0000;\"><\/i>\n<span><a href=\"http:\/\/www.meca-inox.de\" target=\"_blank\">meca-inox.de<\/a><\/span>\n<\/div>\n<\/div>\n<\/div>\n<div class=\"fourcol \" style=\"float:;\">\n<h2 class=\"page-title h2 contact-title\">MECA-INOX CHINA<\/h2>\n<hr\/>\n<h5>MECA-INOX VALVES CO., LTD<\/h5>\n<div class=\"tableau-contact\">\n<div class=\"tableau-ligne\">\n<i class=\"luxe-icon icon_pin_alt\" style=\"font-size:20px; color:#ff0000;\"><\/i>\n<span>No.30-1, 2, Huaihe West Road<\/br>Dalian Development Area<\/br>116600 &#8211; CHINA.<\/span>\n<\/div>\n<div class=\"tableau-ligne\">\n<i class=\"luxe-icon icon_mobile\" style=\"font-size:16px; color:#ff0000;\"><\/i>\n<span>Tel: +86-0411-8850 2888<\/span>\n<\/div>\n<div class=\"tableau-ligne\">\n<i class=\"luxe-icon icon_mail_alt\" style=\"font-size:20px; color:#ff0000;\"><\/i>\n<span>E-mail: info@meca-inox.com.cn<\/span>\n<\/div>\n<div class=\"tableau-ligne\">\n<i class=\"luxe-icon icon_globe-2\" style=\"font-size:20px; color:#ff0000;\"><\/i>\n<span><a href=\"https:\/\/www.neway-dev.fr\/meca.cn\" target=\"_blank\">meca-inox.com.cn<\/a><\/span>\n<\/div>\n<\/div>\n<\/div>\n","protected":false},"excerpt":{"rendered":"","protected":false},"author":1,"featured_media":0,"parent":0,"menu_order":7,"comment_status":"closed","ping_status":"closed","template":"","meta":{"inline_featured_image":false,"_exactmetrics_skip_tracking":false,"_exactmetrics_sitenote_active":false,"_exactmetrics_sitenote_note":"","_exactmetrics_sitenote_category":0,"_monsterinsights_skip_tracking":false,"_monsterinsights_sitenote_active":false,"_monsterinsights_sitenote_note":"","_monsterinsights_sitenote_category":0,"footnotes":""},"yoast_head":"<!-- This site is optimized with the Yoast SEO plugin v21.5 - https:\/\/yoast.com\/wordpress\/plugins\/seo\/ -->\n<title>Meca-Inox - Kontakt<\/title>\n<meta name=\"description\" content=\"Kontaktieren uns - Meca-Inox 95000 CERGY France\" \/>\n<meta name=\"robots\" content=\"index, follow, max-snippet:-1, max-image-preview:large, max-video-preview:-1\" \/>\n<link rel=\"canonical\" href=\"https:\/\/www.neway-dev.fr\/meca\/de\/kontakt\/\" \/>\n<meta property=\"og:locale\" content=\"fr_FR\" \/>\n<meta property=\"og:type\" content=\"article\" \/>\n<meta property=\"og:title\" content=\"Meca-Inox - Kontakt\" \/>\n<meta property=\"og:description\" content=\"Kontaktieren uns - Meca-Inox 95000 CERGY France\" \/>\n<meta property=\"og:url\" content=\"https:\/\/www.neway-dev.fr\/meca\/de\/kontakt\/\" \/>\n<meta property=\"og:site_name\" content=\"meca-inox\" \/>\n<meta property=\"article:modified_time\" content=\"2022-05-09T16:47:59+00:00\" \/>\n<meta name=\"twitter:card\" content=\"summary_large_image\" \/>\n<meta name=\"twitter:label1\" content=\"Dur\u00e9e de lecture estim\u00e9e\" \/>\n\t<meta name=\"twitter:data1\" content=\"1 minute\" \/>\n<script type=\"application\/ld+json\" class=\"yoast-schema-graph\">{\"@context\":\"https:\/\/schema.org\",\"@graph\":[{\"@type\":\"WebPage\",\"@id\":\"https:\/\/www.neway-dev.fr\/meca\/de\/kontakt\/\",\"url\":\"https:\/\/www.neway-dev.fr\/meca\/de\/kontakt\/\",\"name\":\"Meca-Inox - Kontakt\",\"isPartOf\":{\"@id\":\"https:\/\/www.neway-dev.fr\/meca\/#website\"},\"datePublished\":\"2016-04-28T01:50:42+00:00\",\"dateModified\":\"2022-05-09T16:47:59+00:00\",\"description\":\"Kontaktieren uns - Meca-Inox 95000 CERGY France\",\"inLanguage\":\"fr-FR\",\"potentialAction\":[{\"@type\":\"ReadAction\",\"target\":[\"https:\/\/www.neway-dev.fr\/meca\/de\/kontakt\/\"]}]},{\"@type\":\"WebSite\",\"@id\":\"https:\/\/www.neway-dev.fr\/meca\/#website\",\"url\":\"https:\/\/www.neway-dev.fr\/meca\/\",\"name\":\"meca-inox\",\"description\":\"vannes sph\u00e9riques\",\"potentialAction\":[{\"@type\":\"SearchAction\",\"target\":{\"@type\":\"EntryPoint\",\"urlTemplate\":\"https:\/\/www.neway-dev.fr\/meca\/?s={search_term_string}\"},\"query-input\":\"required name=search_term_string\"}],\"inLanguage\":\"fr-FR\"}]}<\/script>\n<!-- \/ Yoast SEO plugin. -->","yoast_head_json":{"title":"Meca-Inox - Kontakt","description":"Kontaktieren uns - Meca-Inox 95000 CERGY France","robots":{"index":"index","follow":"follow","max-snippet":"max-snippet:-1","max-image-preview":"max-image-preview:large","max-video-preview":"max-video-preview:-1"},"canonical":"https:\/\/www.neway-dev.fr\/meca\/de\/kontakt\/","og_locale":"fr_FR","og_type":"article","og_title":"Meca-Inox - Kontakt","og_description":"Kontaktieren uns - Meca-Inox 95000 CERGY France","og_url":"https:\/\/www.neway-dev.fr\/meca\/de\/kontakt\/","og_site_name":"meca-inox","article_modified_time":"2022-05-09T16:47:59+00:00","twitter_card":"summary_large_image","twitter_misc":{"Dur\u00e9e de lecture estim\u00e9e":"1 minute"},"schema":{"@context":"https:\/\/schema.org","@graph":[{"@type":"WebPage","@id":"https:\/\/www.neway-dev.fr\/meca\/de\/kontakt\/","url":"https:\/\/www.neway-dev.fr\/meca\/de\/kontakt\/","name":"Meca-Inox - Kontakt","isPartOf":{"@id":"https:\/\/www.neway-dev.fr\/meca\/#website"},"datePublished":"2016-04-28T01:50:42+00:00","dateModified":"2022-05-09T16:47:59+00:00","description":"Kontaktieren uns - Meca-Inox 95000 CERGY France","inLanguage":"fr-FR","potentialAction":[{"@type":"ReadAction","target":["https:\/\/www.neway-dev.fr\/meca\/de\/kontakt\/"]}]},{"@type":"WebSite","@id":"https:\/\/www.neway-dev.fr\/meca\/#website","url":"https:\/\/www.neway-dev.fr\/meca\/","name":"meca-inox","description":"vannes sph\u00e9riques","potentialAction":[{"@type":"SearchAction","target":{"@type":"EntryPoint","urlTemplate":"https:\/\/www.neway-dev.fr\/meca\/?s={search_term_string}"},"query-input":"required name=search_term_string"}],"inLanguage":"fr-FR"}]}},"_links":{"self":[{"href":"https:\/\/www.neway-dev.fr\/meca\/wp-json\/wp\/v2\/pages\/1696"}],"collection":[{"href":"https:\/\/www.neway-dev.fr\/meca\/wp-json\/wp\/v2\/pages"}],"about":[{"href":"https:\/\/www.neway-dev.fr\/meca\/wp-json\/wp\/v2\/types\/page"}],"author":[{"embeddable":true,"href":"https:\/\/www.neway-dev.fr\/meca\/wp-json\/wp\/v2\/users\/1"}],"replies":[{"embeddable":true,"href":"https:\/\/www.neway-dev.fr\/meca\/wp-json\/wp\/v2\/comments?post=1696"}],"version-history":[{"count":18,"href":"https:\/\/www.neway-dev.fr\/meca\/wp-json\/wp\/v2\/pages\/1696\/revisions"}],"predecessor-version":[{"id":3603,"href":"https:\/\/www.neway-dev.fr\/meca\/wp-json\/wp\/v2\/pages\/1696\/revisions\/3603"}],"wp:attachment":[{"href":"https:\/\/www.neway-dev.fr\/meca\/wp-json\/wp\/v2\/media?parent=1696"}],"curies":[{"name":"wp","href":"https:\/\/api.w.org\/{rel}","templated":true}]}}